{"id":16907,"date":"2026-05-03T16:51:22","date_gmt":"2026-05-03T13:51:22","guid":{"rendered":"https:\/\/2straps.com\/product\/majtki-wyszczuplajace-tokyo-panterka-3xl\/"},"modified":"2026-05-03T17:03:04","modified_gmt":"2026-05-03T14:03:04","slug":"majtki-wyszczuplajace-tokyo-panterka-3xl","status":"publish","type":"product","link":"https:\/\/2straps.com\/pl\/produkt\/majtki-wyszczuplajace-tokyo-panterka-3xl\/","title":{"rendered":"Majtki Wyszczuplaj\u0105ce Tokyo, Panterka 3XL"},"content":{"rendered":"<section class=\"section\">\n<div class=\"item item-6\">\n<section class=\"image-item\"><img decoding=\"async\" src=\"https:\/\/upload.cdn.baselinker.com\/products\/3019750\/0c6712159e2cea5cbb0fe1b3d81c5d6f.jpg\"><\/section>\n<\/p><\/div>\n<div class=\"item item-6\">\n<section class=\"text-item\">\n<h2>Figi wyszczuplaj\u0105ce Tokyo to luksusowa garderoba dla kobiet gustuj\u0105cych w klasycznych rozwi\u0105zaniach.<\/h2>\n<p>Kobieca i wygodna bielizna z wysokim stanem to coraz popularniejszy model damskich fig<\/p>\n<p><b>Stworzone s\u0105 z wysokiej jako\u015bci materia\u0142u<\/b>, dzi\u0119ki czemu gwarantuj\u0105 przewiewno\u015b\u0107, nie obcieraj\u0105 sk\u00f3ry i nie kr\u0119puj\u0105 ruch\u00f3w.<\/p>\n<p><b>Figi wyszczuplaj\u0105ce Tokyo<\/b> zachwycaj\u0105 g\u0142adko\u015bci\u0105 \u2013 aksamitny materia\u0142, kt\u00f3ry doskonale dopasowuje si\u0119 do kobiecego cia\u0142a. Idealnie wyko\u0144czone i bardzo mi\u0142e na dotyk.<\/p>\n<p><b>Zosta\u0142y opracowane wed\u0142ug najnowszych technologii,<\/b>\u00a0dzi\u0119ki temu nie odznaczaj\u0105 si\u0119 pod obcis\u0142ymi kreacjami i podkre\u015blaj\u0105 kr\u0105g\u0142o\u015b\u0107 po\u015bladk\u00f3w.<\/p>\n<p><b>Figi wyszczuplaj\u0105ce Tokyo<\/b>\u00a0zagwarantuj\u0105 ka\u017cdej w\u0142a\u015bcicielce maksymalny komfort, a tak\u017ce mo\u017cliwo\u015b\u0107 ukrycia swoich niedoskona\u0142o\u015bci oraz wyeksponowania cennych atut\u00f3w.<\/p>\n<\/section><\/div>\n<\/section>","protected":false},"excerpt":{"rendered":"<p>Figi wyszczuplaj\u0105ce Tokyo to luksusowa garderoba dla kobiet gustuj\u0105cych w klasycznych rozwi\u0105zaniach. Kobieca i wygodna bielizna z wysokim stanem to<\/p>","protected":false},"featured_media":16902,"comment_status":"open","ping_status":"closed","template":"","meta":{"_relevanssi_hide_post":"","_relevanssi_hide_content":"","_relevanssi_pin_for_all":"","_relevanssi_pin_keywords":"","_relevanssi_unpin_keywords":"","_relevanssi_related_keywords":"","_relevanssi_related_include_ids":"","_relevanssi_related_exclude_ids":"","_relevanssi_related_no_append":"","_relevanssi_related_not_related":"","_relevanssi_related_posts":"","_relevanssi_noindex_reason":""},"product_brand":[],"product_cat":[170],"product_tag":[],"class_list":{"0":"post-16907","1":"product","2":"type-product","3":"status-publish","4":"has-post-thumbnail","6":"product_cat-odziez-obuwie-dodatki-bielizna-damska-bielizna-wyszczuplajaca-majtki","8":"first","9":"instock","10":"taxable","11":"shipping-taxable","12":"purchasable","13":"product-type-simple"},"yoast_head":"<!-- This site is optimized with the Yoast SEO Premium plugin v24.5 (Yoast SEO v24.5) - https:\/\/yoast.com\/wordpress\/plugins\/seo\/ -->\n<title>Majtki Wyszczuplaj\u0105ce Tokyo, Panterka 3XL - 2STRAPS<\/title>\n<meta name=\"robots\" content=\"index, follow, max-snippet:-1, max-image-preview:large, max-video-preview:-1\" \/>\n<link rel=\"canonical\" href=\"https:\/\/2straps.com\/pl\/produkt\/majtki-wyszczuplajace-tokyo-panterka-3xl\/\" \/>\n<meta property=\"og:locale\" content=\"pl_PL\" \/>\n<meta property=\"og:type\" content=\"article\" \/>\n<meta property=\"og:title\" content=\"Majtki Wyszczuplaj\u0105ce Tokyo, Panterka 3XL\" \/>\n<meta property=\"og:description\" content=\"Figi wyszczuplaj\u0105ce Tokyo to luksusowa garderoba dla kobiet gustuj\u0105cych w klasycznych rozwi\u0105zaniach. Kobieca i wygodna bielizna z wysokim stanem to\" \/>\n<meta property=\"og:url\" content=\"https:\/\/2straps.com\/pl\/produkt\/majtki-wyszczuplajace-tokyo-panterka-3xl\/\" \/>\n<meta property=\"og:site_name\" content=\"2STRAPS\" \/>\n<meta property=\"article:modified_time\" content=\"2026-05-03T14:03:04+00:00\" \/>\n<meta property=\"og:image\" content=\"https:\/\/upload.cdn.baselinker.com\/products\/3019750\/0c6712159e2cea5cbb0fe1b3d81c5d6f.jpg\" \/>\n<meta name=\"twitter:card\" content=\"summary_large_image\" \/>\n<meta name=\"twitter:label1\" content=\"Szacowany czas czytania\" \/>\n\t<meta name=\"twitter:data1\" content=\"1 minuta\" \/>\n<script type=\"application\/ld+json\" class=\"yoast-schema-graph\">{\"@context\":\"https:\/\/schema.org\",\"@graph\":[{\"@type\":\"WebPage\",\"@id\":\"https:\/\/2straps.com\/product\/majtki-wyszczuplajace-tokyo-panterka-3xl\/\",\"url\":\"https:\/\/2straps.com\/product\/majtki-wyszczuplajace-tokyo-panterka-3xl\/\",\"name\":\"Majtki Wyszczuplaj\u0105ce Tokyo, Panterka 3XL - 2STRAPS\",\"isPartOf\":{\"@id\":\"https:\/\/2straps.com\/#website\"},\"primaryImageOfPage\":{\"@id\":\"https:\/\/2straps.com\/product\/majtki-wyszczuplajace-tokyo-panterka-3xl\/#primaryimage\"},\"image\":{\"@id\":\"https:\/\/2straps.com\/product\/majtki-wyszczuplajace-tokyo-panterka-3xl\/#primaryimage\"},\"thumbnailUrl\":\"https:\/\/2straps.com\/wp-content\/uploads\/2026\/05\/f49644d6f4b179967c3d283e70da04ff.jpg\",\"datePublished\":\"2026-05-03T13:51:22+00:00\",\"dateModified\":\"2026-05-03T14:03:04+00:00\",\"breadcrumb\":{\"@id\":\"https:\/\/2straps.com\/product\/majtki-wyszczuplajace-tokyo-panterka-3xl\/#breadcrumb\"},\"inLanguage\":\"pl-PL\",\"potentialAction\":[{\"@type\":\"ReadAction\",\"target\":[\"https:\/\/2straps.com\/product\/majtki-wyszczuplajace-tokyo-panterka-3xl\/\"]}]},{\"@type\":\"ImageObject\",\"inLanguage\":\"pl-PL\",\"@id\":\"https:\/\/2straps.com\/product\/majtki-wyszczuplajace-tokyo-panterka-3xl\/#primaryimage\",\"url\":\"https:\/\/2straps.com\/wp-content\/uploads\/2026\/05\/f49644d6f4b179967c3d283e70da04ff.jpg\",\"contentUrl\":\"https:\/\/2straps.com\/wp-content\/uploads\/2026\/05\/f49644d6f4b179967c3d283e70da04ff.jpg\",\"width\":1600,\"height\":1230,\"caption\":\"5751123e9949c6ed793cc2473c155dd3\"},{\"@type\":\"BreadcrumbList\",\"@id\":\"https:\/\/2straps.com\/product\/majtki-wyszczuplajace-tokyo-panterka-3xl\/#breadcrumb\",\"itemListElement\":[{\"@type\":\"ListItem\",\"position\":1,\"name\":\"Home\",\"item\":\"https:\/\/2straps.com\/pl\/\"},{\"@type\":\"ListItem\",\"position\":2,\"name\":\"Product catalog\",\"item\":\"https:\/\/2straps.com\/shop\/\"},{\"@type\":\"ListItem\",\"position\":3,\"name\":\"Majtki Wyszczuplaj\u0105ce Tokyo, Panterka 3XL\"}]},{\"@type\":\"WebSite\",\"@id\":\"https:\/\/2straps.com\/#website\",\"url\":\"https:\/\/2straps.com\/\",\"name\":\"2STRAPS\",\"description\":\"Online lingerie store in Europe\",\"potentialAction\":[{\"@type\":\"SearchAction\",\"target\":{\"@type\":\"EntryPoint\",\"urlTemplate\":\"https:\/\/2straps.com\/?s={search_term_string}\"},\"query-input\":{\"@type\":\"PropertyValueSpecification\",\"valueRequired\":true,\"valueName\":\"search_term_string\"}}],\"inLanguage\":\"pl-PL\"}]}<\/script>\n<!-- \/ Yoast SEO Premium plugin. -->","yoast_head_json":{"title":"Majtki Wyszczuplaj\u0105ce Tokyo, Panterka 3XL - 2STRAPS","robots":{"index":"index","follow":"follow","max-snippet":"max-snippet:-1","max-image-preview":"max-image-preview:large","max-video-preview":"max-video-preview:-1"},"canonical":"https:\/\/2straps.com\/pl\/produkt\/majtki-wyszczuplajace-tokyo-panterka-3xl\/","og_locale":"pl_PL","og_type":"article","og_title":"Majtki Wyszczuplaj\u0105ce Tokyo, Panterka 3XL","og_description":"Figi wyszczuplaj\u0105ce Tokyo to luksusowa garderoba dla kobiet gustuj\u0105cych w klasycznych rozwi\u0105zaniach. Kobieca i wygodna bielizna z wysokim stanem to","og_url":"https:\/\/2straps.com\/pl\/produkt\/majtki-wyszczuplajace-tokyo-panterka-3xl\/","og_site_name":"2STRAPS","article_modified_time":"2026-05-03T14:03:04+00:00","og_image":[{"url":"https:\/\/upload.cdn.baselinker.com\/products\/3019750\/0c6712159e2cea5cbb0fe1b3d81c5d6f.jpg","type":"","width":"","height":""}],"twitter_card":"summary_large_image","twitter_misc":{"Szacowany czas czytania":"1 minuta"},"schema":{"@context":"https:\/\/schema.org","@graph":[{"@type":"WebPage","@id":"https:\/\/2straps.com\/product\/majtki-wyszczuplajace-tokyo-panterka-3xl\/","url":"https:\/\/2straps.com\/product\/majtki-wyszczuplajace-tokyo-panterka-3xl\/","name":"Majtki Wyszczuplaj\u0105ce Tokyo, Panterka 3XL - 2STRAPS","isPartOf":{"@id":"https:\/\/2straps.com\/#website"},"primaryImageOfPage":{"@id":"https:\/\/2straps.com\/product\/majtki-wyszczuplajace-tokyo-panterka-3xl\/#primaryimage"},"image":{"@id":"https:\/\/2straps.com\/product\/majtki-wyszczuplajace-tokyo-panterka-3xl\/#primaryimage"},"thumbnailUrl":"https:\/\/2straps.com\/wp-content\/uploads\/2026\/05\/f49644d6f4b179967c3d283e70da04ff.jpg","datePublished":"2026-05-03T13:51:22+00:00","dateModified":"2026-05-03T14:03:04+00:00","breadcrumb":{"@id":"https:\/\/2straps.com\/product\/majtki-wyszczuplajace-tokyo-panterka-3xl\/#breadcrumb"},"inLanguage":"pl-PL","potentialAction":[{"@type":"ReadAction","target":["https:\/\/2straps.com\/product\/majtki-wyszczuplajace-tokyo-panterka-3xl\/"]}]},{"@type":"ImageObject","inLanguage":"pl-PL","@id":"https:\/\/2straps.com\/product\/majtki-wyszczuplajace-tokyo-panterka-3xl\/#primaryimage","url":"https:\/\/2straps.com\/wp-content\/uploads\/2026\/05\/f49644d6f4b179967c3d283e70da04ff.jpg","contentUrl":"https:\/\/2straps.com\/wp-content\/uploads\/2026\/05\/f49644d6f4b179967c3d283e70da04ff.jpg","width":1600,"height":1230,"caption":"5751123e9949c6ed793cc2473c155dd3"},{"@type":"BreadcrumbList","@id":"https:\/\/2straps.com\/product\/majtki-wyszczuplajace-tokyo-panterka-3xl\/#breadcrumb","itemListElement":[{"@type":"ListItem","position":1,"name":"Home","item":"https:\/\/2straps.com\/pl\/"},{"@type":"ListItem","position":2,"name":"Product catalog","item":"https:\/\/2straps.com\/shop\/"},{"@type":"ListItem","position":3,"name":"Majtki Wyszczuplaj\u0105ce Tokyo, Panterka 3XL"}]},{"@type":"WebSite","@id":"https:\/\/2straps.com\/#website","url":"https:\/\/2straps.com\/","name":"2STRAPS","description":"Online lingerie store in Europe","potentialAction":[{"@type":"SearchAction","target":{"@type":"EntryPoint","urlTemplate":"https:\/\/2straps.com\/?s={search_term_string}"},"query-input":{"@type":"PropertyValueSpecification","valueRequired":true,"valueName":"search_term_string"}}],"inLanguage":"pl-PL"}]}},"_links":{"self":[{"href":"https:\/\/2straps.com\/pl\/wp-json\/wp\/v2\/product\/16907","targetHints":{"allow":["GET"]}}],"collection":[{"href":"https:\/\/2straps.com\/pl\/wp-json\/wp\/v2\/product"}],"about":[{"href":"https:\/\/2straps.com\/pl\/wp-json\/wp\/v2\/types\/product"}],"replies":[{"embeddable":true,"href":"https:\/\/2straps.com\/pl\/wp-json\/wp\/v2\/comments?post=16907"}],"version-history":[{"count":0,"href":"https:\/\/2straps.com\/pl\/wp-json\/wp\/v2\/product\/16907\/revisions"}],"wp:featuredmedia":[{"embeddable":true,"href":"https:\/\/2straps.com\/pl\/wp-json\/wp\/v2\/media\/16902"}],"wp:attachment":[{"href":"https:\/\/2straps.com\/pl\/wp-json\/wp\/v2\/media?parent=16907"}],"wp:term":[{"taxonomy":"product_brand","embeddable":true,"href":"https:\/\/2straps.com\/pl\/wp-json\/wp\/v2\/product_brand?post=16907"},{"taxonomy":"product_cat","embeddable":true,"href":"https:\/\/2straps.com\/pl\/wp-json\/wp\/v2\/product_cat?post=16907"},{"taxonomy":"product_tag","embeddable":true,"href":"https:\/\/2straps.com\/pl\/wp-json\/wp\/v2\/product_tag?post=16907"}],"curies":[{"name":"wp","href":"https:\/\/api.w.org\/{rel}","templated":true}]}}