{"id":13153,"date":"2025-02-27T01:01:00","date_gmt":"2025-02-26T22:01:00","guid":{"rendered":"https:\/\/2straps.com\/?post_type=product&#038;p=13153"},"modified":"2026-04-15T12:54:43","modified_gmt":"2026-04-15T09:54:43","slug":"nikola","status":"publish","type":"product","link":"https:\/\/2straps.com\/pl\/produkt\/nikola\/","title":{"rendered":"Nikola"},"content":{"rendered":"<p><span style=\"color: #000000;\">&#8220;&#8221;&#8221;Biustonosz spacer \u2013 lekko\u015b\u0107, komfort i subtelna elegancja<\/span><br \/>\n<span style=\"color: #000000;\">Odkryj biustonosz Spacer, kt\u00f3ry \u0142\u0105czy nowoczesn\u0105 technologi\u0119 z funkcjonalnym designem. Dzi\u0119ki innowacyjnej, <\/span><br \/>\n<span style=\"color: #000000;\">tr\u00f3jwymiarowej strukturze cienkiego materia\u0142u, jest niesamowicie lekki, przewiewny i oddychaj\u0105cy \u2013 idealny <\/span><br \/>\n<span style=\"color: #000000;\">na ka\u017cd\u0105 por\u0119 roku. Materia\u0142 dopasowuje si\u0119 do cia\u0142a, nie odciskaj\u0105c si\u0119 i zapewniaj\u0105c komfort przez ca\u0142y dzie\u0144.<\/span><\/p>\n<p><span style=\"color: #000000;\">Doskona\u0142e podtrzymanie i naturalny efekt modelowania<\/span><br \/>\n<span style=\"color: #000000;\">Biustonosz posiada wbudowan\u0105 fiszbin\u0119, kt\u00f3ra delikatnie unosi i podtrzymuje biust, zapewniaj\u0105c naturalny kszta\u0142t <\/span><br \/>\n<span style=\"color: #000000;\">bez efektu sztucznego powi\u0119kszenia. Model ten doskonale dopasowuje si\u0119 do piersi, subtelnie je modeluj\u0105c. Dzi\u0119ki <\/span><br \/>\n<span style=\"color: #000000;\">swojej lekkiej konstrukcji sprawdzi si\u0119 zar\u00f3wno na co dzie\u0144, jak i podczas aktywno\u015bci fizycznej \u2013 na si\u0142owni\u0119, <\/span><br \/>\n<span style=\"color: #000000;\">jog\u0119 czy inne sporty.<\/span><\/p>\n<p><span style=\"color: #000000;\">Odpinany straps \u2013 wyb\u00f3r nale\u017cy do Ciebie<\/span><br \/>\n<span style=\"color: #000000;\">Ten model wyr\u00f3\u017cnia si\u0119 ozdobnym straps-em umieszczonym na biu\u015bcie, kt\u00f3ry mo\u017cna dowolnie odpina\u0107. Miejsce idpinania <\/span><br \/>\n<span style=\"color: #000000;\">jest schowane i estetyczne. To oznacza, \u017ce masz pe\u0142n\u0105 swobod\u0119 \u2013 mo\u017cesz nosi\u0107 biustonosz ze stylowym, dodaj\u0105cym <\/span><br \/>\n<span style=\"color: #000000;\">charakteru paskiem lub ca\u0142kowicie go usun\u0105\u0107 dla bardziej klasycznego wygl\u0105du. Straps podkre\u015bla dekolt, dodaj\u0105c mu <\/span><br \/>\n<span style=\"color: #000000;\">delikatnej zmys\u0142owo\u015bci i modnego akcentu.<\/span><\/p>\n<p><span style=\"color: #000000;\">R\u00f3\u017cne kolory i idealne dopasowanie<\/span><br \/>\n<span style=\"color: #000000;\">Biustonosz dost\u0119pny jest w kilku kolorach z delikatn\u0105 kokardk\u0105 i ozdob\u0105 z logo jako detal, dzi\u0119ki czemu \u0142atwo dopasujesz <\/span><br \/>\n<span style=\"color: #000000;\">go do swojej garderoby i stylu. Ka\u017cdy rozmiar zosta\u0142 precyzyjnie skonstruowany, aby zapewni\u0107 maksymalne podtrzymanie <\/span><br \/>\n<span style=\"color: #000000;\">biustu \u2013 dlatego ilo\u015b\u0107 haftek zosta\u0142a dostosowana do rozmiaru, zapewniaj\u0105c optymaln\u0105 stabilno\u015b\u0107 i komfort.<\/span><\/p>\n<p><span style=\"color: #000000;\">Trwa\u0142o\u015b\u0107 i jako\u015b\u0107 na lata<\/span><br \/>\n<span style=\"color: #000000;\">Wykonany z materia\u0142u odpornego na deformacje, biustonosz zachowuje sw\u00f3j pierwotny kszta\u0142t nawet po wielu praniach. <\/span><br \/>\n<span style=\"color: #000000;\">To inwestycja w komfortow\u0105 bielizn\u0119, kt\u00f3ra przez d\u0142ugi czas b\u0119dzie wygl\u0105da\u0107 jak nowa.<\/span><\/p>\n<p><span style=\"color: #000000;\">Biustonosz Spacer \u2013 ponadczasowa wygoda, funkcjonalno\u015b\u0107 i elegancki detal, kt\u00f3ry mo\u017cesz dopasowa\u0107 do swojego stylu!&#8221;&#8221;&#8221;<\/span><\/p>","protected":false},"excerpt":{"rendered":"<p>&#8220;&#8221;&#8221;Biustonosz spacer \u2013 lekko\u015b\u0107, komfort i subtelna elegancja Odkryj biustonosz Spacer, kt\u00f3ry \u0142\u0105czy nowoczesn\u0105 technologi\u0119 z funkcjonalnym designem. Dzi\u0119ki innowacyjnej,<\/p>","protected":false},"featured_media":12081,"comment_status":"open","ping_status":"closed","template":"","meta":{"_relevanssi_hide_post":"","_relevanssi_hide_content":"","_relevanssi_pin_for_all":"","_relevanssi_pin_keywords":"","_relevanssi_unpin_keywords":"","_relevanssi_related_keywords":"","_relevanssi_related_include_ids":"","_relevanssi_related_exclude_ids":"","_relevanssi_related_no_append":"","_relevanssi_related_not_related":"","_relevanssi_related_posts":"","_relevanssi_noindex_reason":""},"product_brand":[168],"product_cat":[110],"product_tag":[],"class_list":{"0":"post-13153","1":"product","2":"type-product","3":"status-publish","4":"has-post-thumbnail","6":"product_brand-lilitte","7":"product_cat-bras","8":"pa_brand-lilitte","10":"first","11":"instock","12":"taxable","13":"shipping-taxable","14":"purchasable","15":"product-type-variable","16":"has-default-attributes","17":"wvs-archive-product-wrapper"},"yoast_head":"<!-- This site is optimized with the Yoast SEO Premium plugin v24.5 (Yoast SEO v24.5) - https:\/\/yoast.com\/wordpress\/plugins\/seo\/ -->\n<title>Nikola - 2STRAPS<\/title>\n<meta name=\"robots\" content=\"index, follow, max-snippet:-1, max-image-preview:large, max-video-preview:-1\" \/>\n<link rel=\"canonical\" href=\"https:\/\/2straps.com\/pl\/produkt\/nikola\/\" \/>\n<meta property=\"og:locale\" content=\"pl_PL\" \/>\n<meta property=\"og:type\" content=\"article\" \/>\n<meta property=\"og:title\" content=\"Nikola\" \/>\n<meta property=\"og:description\" content=\"&#8220;&#8221;&#8221;Biustonosz spacer \u2013 lekko\u015b\u0107, komfort i subtelna elegancja Odkryj biustonosz Spacer, kt\u00f3ry \u0142\u0105czy nowoczesn\u0105 technologi\u0119 z funkcjonalnym designem. Dzi\u0119ki innowacyjnej,\" \/>\n<meta property=\"og:url\" content=\"https:\/\/2straps.com\/pl\/produkt\/nikola\/\" \/>\n<meta property=\"og:site_name\" content=\"2STRAPS\" \/>\n<meta property=\"article:modified_time\" content=\"2026-04-15T09:54:43+00:00\" \/>\n<meta property=\"og:image\" content=\"https:\/\/2straps.com\/wp-content\/uploads\/2025\/02\/L-20220pudrowy-scaled.jpg\" \/>\n\t<meta property=\"og:image:width\" content=\"2106\" \/>\n\t<meta property=\"og:image:height\" content=\"2560\" \/>\n\t<meta property=\"og:image:type\" content=\"image\/jpeg\" \/>\n<meta name=\"twitter:card\" content=\"summary_large_image\" \/>\n<meta name=\"twitter:label1\" content=\"Szacowany czas czytania\" \/>\n\t<meta name=\"twitter:data1\" content=\"2 minuty\" \/>\n<script type=\"application\/ld+json\" class=\"yoast-schema-graph\">{\"@context\":\"https:\/\/schema.org\",\"@graph\":[{\"@type\":\"WebPage\",\"@id\":\"https:\/\/2straps.com\/product\/nikola\/\",\"url\":\"https:\/\/2straps.com\/product\/nikola\/\",\"name\":\"Nikola - 2STRAPS\",\"isPartOf\":{\"@id\":\"https:\/\/2straps.com\/#website\"},\"primaryImageOfPage\":{\"@id\":\"https:\/\/2straps.com\/product\/nikola\/#primaryimage\"},\"image\":{\"@id\":\"https:\/\/2straps.com\/product\/nikola\/#primaryimage\"},\"thumbnailUrl\":\"https:\/\/2straps.com\/wp-content\/uploads\/2025\/02\/L-20220pudrowy-scaled.jpg\",\"datePublished\":\"2025-02-26T22:01:00+00:00\",\"dateModified\":\"2026-04-15T09:54:43+00:00\",\"breadcrumb\":{\"@id\":\"https:\/\/2straps.com\/product\/nikola\/#breadcrumb\"},\"inLanguage\":\"pl-PL\",\"potentialAction\":[{\"@type\":\"ReadAction\",\"target\":[\"https:\/\/2straps.com\/product\/nikola\/\"]}]},{\"@type\":\"ImageObject\",\"inLanguage\":\"pl-PL\",\"@id\":\"https:\/\/2straps.com\/product\/nikola\/#primaryimage\",\"url\":\"https:\/\/2straps.com\/wp-content\/uploads\/2025\/02\/L-20220pudrowy-scaled.jpg\",\"contentUrl\":\"https:\/\/2straps.com\/wp-content\/uploads\/2025\/02\/L-20220pudrowy-scaled.jpg\",\"width\":2106,\"height\":2560},{\"@type\":\"BreadcrumbList\",\"@id\":\"https:\/\/2straps.com\/product\/nikola\/#breadcrumb\",\"itemListElement\":[{\"@type\":\"ListItem\",\"position\":1,\"name\":\"Home\",\"item\":\"https:\/\/2straps.com\/pl\/\"},{\"@type\":\"ListItem\",\"position\":2,\"name\":\"Product catalog\",\"item\":\"https:\/\/2straps.com\/shop\/\"},{\"@type\":\"ListItem\",\"position\":3,\"name\":\"Nikola\"}]},{\"@type\":\"WebSite\",\"@id\":\"https:\/\/2straps.com\/#website\",\"url\":\"https:\/\/2straps.com\/\",\"name\":\"2STRAPS\",\"description\":\"Online lingerie store in Europe\",\"potentialAction\":[{\"@type\":\"SearchAction\",\"target\":{\"@type\":\"EntryPoint\",\"urlTemplate\":\"https:\/\/2straps.com\/?s={search_term_string}\"},\"query-input\":{\"@type\":\"PropertyValueSpecification\",\"valueRequired\":true,\"valueName\":\"search_term_string\"}}],\"inLanguage\":\"pl-PL\"}]}<\/script>\n<!-- \/ Yoast SEO Premium plugin. -->","yoast_head_json":{"title":"Nikola - 2STRAPS","robots":{"index":"index","follow":"follow","max-snippet":"max-snippet:-1","max-image-preview":"max-image-preview:large","max-video-preview":"max-video-preview:-1"},"canonical":"https:\/\/2straps.com\/pl\/produkt\/nikola\/","og_locale":"pl_PL","og_type":"article","og_title":"Nikola","og_description":"&#8220;&#8221;&#8221;Biustonosz spacer \u2013 lekko\u015b\u0107, komfort i subtelna elegancja Odkryj biustonosz Spacer, kt\u00f3ry \u0142\u0105czy nowoczesn\u0105 technologi\u0119 z funkcjonalnym designem. Dzi\u0119ki innowacyjnej,","og_url":"https:\/\/2straps.com\/pl\/produkt\/nikola\/","og_site_name":"2STRAPS","article_modified_time":"2026-04-15T09:54:43+00:00","og_image":[{"width":2106,"height":2560,"url":"https:\/\/2straps.com\/wp-content\/uploads\/2025\/02\/L-20220pudrowy-scaled.jpg","type":"image\/jpeg"}],"twitter_card":"summary_large_image","twitter_misc":{"Szacowany czas czytania":"2 minuty"},"schema":{"@context":"https:\/\/schema.org","@graph":[{"@type":"WebPage","@id":"https:\/\/2straps.com\/product\/nikola\/","url":"https:\/\/2straps.com\/product\/nikola\/","name":"Nikola - 2STRAPS","isPartOf":{"@id":"https:\/\/2straps.com\/#website"},"primaryImageOfPage":{"@id":"https:\/\/2straps.com\/product\/nikola\/#primaryimage"},"image":{"@id":"https:\/\/2straps.com\/product\/nikola\/#primaryimage"},"thumbnailUrl":"https:\/\/2straps.com\/wp-content\/uploads\/2025\/02\/L-20220pudrowy-scaled.jpg","datePublished":"2025-02-26T22:01:00+00:00","dateModified":"2026-04-15T09:54:43+00:00","breadcrumb":{"@id":"https:\/\/2straps.com\/product\/nikola\/#breadcrumb"},"inLanguage":"pl-PL","potentialAction":[{"@type":"ReadAction","target":["https:\/\/2straps.com\/product\/nikola\/"]}]},{"@type":"ImageObject","inLanguage":"pl-PL","@id":"https:\/\/2straps.com\/product\/nikola\/#primaryimage","url":"https:\/\/2straps.com\/wp-content\/uploads\/2025\/02\/L-20220pudrowy-scaled.jpg","contentUrl":"https:\/\/2straps.com\/wp-content\/uploads\/2025\/02\/L-20220pudrowy-scaled.jpg","width":2106,"height":2560},{"@type":"BreadcrumbList","@id":"https:\/\/2straps.com\/product\/nikola\/#breadcrumb","itemListElement":[{"@type":"ListItem","position":1,"name":"Home","item":"https:\/\/2straps.com\/pl\/"},{"@type":"ListItem","position":2,"name":"Product catalog","item":"https:\/\/2straps.com\/shop\/"},{"@type":"ListItem","position":3,"name":"Nikola"}]},{"@type":"WebSite","@id":"https:\/\/2straps.com\/#website","url":"https:\/\/2straps.com\/","name":"2STRAPS","description":"Online lingerie store in Europe","potentialAction":[{"@type":"SearchAction","target":{"@type":"EntryPoint","urlTemplate":"https:\/\/2straps.com\/?s={search_term_string}"},"query-input":{"@type":"PropertyValueSpecification","valueRequired":true,"valueName":"search_term_string"}}],"inLanguage":"pl-PL"}]}},"_links":{"self":[{"href":"https:\/\/2straps.com\/pl\/wp-json\/wp\/v2\/product\/13153","targetHints":{"allow":["GET"]}}],"collection":[{"href":"https:\/\/2straps.com\/pl\/wp-json\/wp\/v2\/product"}],"about":[{"href":"https:\/\/2straps.com\/pl\/wp-json\/wp\/v2\/types\/product"}],"replies":[{"embeddable":true,"href":"https:\/\/2straps.com\/pl\/wp-json\/wp\/v2\/comments?post=13153"}],"version-history":[{"count":3,"href":"https:\/\/2straps.com\/pl\/wp-json\/wp\/v2\/product\/13153\/revisions"}],"predecessor-version":[{"id":16720,"href":"https:\/\/2straps.com\/pl\/wp-json\/wp\/v2\/product\/13153\/revisions\/16720"}],"wp:featuredmedia":[{"embeddable":true,"href":"https:\/\/2straps.com\/pl\/wp-json\/wp\/v2\/media\/12081"}],"wp:attachment":[{"href":"https:\/\/2straps.com\/pl\/wp-json\/wp\/v2\/media?parent=13153"}],"wp:term":[{"taxonomy":"product_brand","embeddable":true,"href":"https:\/\/2straps.com\/pl\/wp-json\/wp\/v2\/product_brand?post=13153"},{"taxonomy":"product_cat","embeddable":true,"href":"https:\/\/2straps.com\/pl\/wp-json\/wp\/v2\/product_cat?post=13153"},{"taxonomy":"product_tag","embeddable":true,"href":"https:\/\/2straps.com\/pl\/wp-json\/wp\/v2\/product_tag?post=13153"}],"curies":[{"name":"wp","href":"https:\/\/api.w.org\/{rel}","templated":true}]}}