{"id":13151,"date":"2025-02-27T01:01:00","date_gmt":"2025-02-26T22:01:00","guid":{"rendered":"https:\/\/2straps.com\/?post_type=product&#038;p=13151"},"modified":"2025-05-14T13:46:15","modified_gmt":"2025-05-14T10:46:15","slug":"maja","status":"publish","type":"product","link":"https:\/\/2straps.com\/pl\/produkt\/maja\/","title":{"rendered":"Maja"},"content":{"rendered":"<p><span style=\"color: #000000;\">&#8220;&#8221;&#8221;Biustonosz z tkaniny spacer \u2013 lekko\u015b\u0107, oddychalno\u015b\u0107 i perfekcyjne dopasowanie<\/span><\/p>\n<p><span style=\"color: #000000;\">Poznaj biustonosz typu Spacer \u2013 wyj\u0105tkowy model, kt\u00f3ry \u0142\u0105czy nowoczesne technologie z eleganckim designem.<\/span><br \/>\n<span style=\"color: #000000;\">Wykonany z lekkiego, tr\u00f3jwymiarowego materia\u0142u, kt\u00f3ry oddycha i dopasowuje si\u0119 do cia\u0142a, zapewnia komfort noszenia przez ca\u0142y dzie\u0144. <\/span><br \/>\n<span style=\"color: #000000;\">Dzi\u0119ki swojej przewiewnej strukturze doskonale sprawdzi si\u0119 zar\u00f3wno latem, jak i podczas ch\u0142odniejszych miesi\u0119cy, nie powoduj\u0105c uczucia przegrzania.<\/span><\/p>\n<p><span style=\"color: #000000;\">Idealne podtrzymanie i naturalny efekt modelowania<\/span><br \/>\n<span style=\"color: #000000;\">Biustonosz posiada wbudowan\u0105 fiszbin\u0119, kt\u00f3ra delikatnie podtrzymuje biust, nadaj\u0105c mu naturalny kszta\u0142t. Efekt subtelnego modelowania sprawia,<\/span><br \/>\n<span style=\"color: #000000;\">\u017ce piersi wygl\u0105daj\u0105 pe\u0142niej i s\u0105 pi\u0119knie uformowane, bez efektu sztucznego powi\u0119kszenia. To doskona\u0142y wyb\u00f3r zar\u00f3wno na co dzie\u0144, jak i podczas aktywno\u015bci fizycznej<\/span><br \/>\n<span style=\"color: #000000;\">\u2013 idealny do noszenia pod sportowe topy, na si\u0142owni\u0119 czy jog\u0119.<\/span><\/p>\n<p><span style=\"color: #000000;\">Straps \u2013 regulacja i efekt push-up<\/span><br \/>\n<span style=\"color: #000000;\">Model zosta\u0142 wzbogacony o odpinany, ozdobny d\u0142ugi straps wykonany ze z\u0142otego metalu. To nie tylko elegancki dodatek, ale r\u00f3wnie\u017c funkcjonalny element, <\/span><br \/>\n<span style=\"color: #000000;\">kt\u00f3ry pozwala na regulacj\u0119 podtrzymania biustu. Dzi\u0119ki mo\u017cliwo\u015bci skrzy\u017cowania rami\u0105czek na plecach, mo\u017cesz uzyska\u0107 efekt push-up, kt\u00f3ry pi\u0119knie zbiera <\/span><br \/>\n<span style=\"color: #000000;\">i unosi piersi do \u015brodka, modeluj\u0105c je w naturalny spos\u00f3b.<\/span><\/p>\n<p><span style=\"color: #000000;\">Dopasowanie do ka\u017cdej sylwetki \u2013 r\u00f3\u017cne kolory i rozmiary<\/span><br \/>\n<span style=\"color: #000000;\">Biustonosz dost\u0119pny jest w kilku kolorach, dzi\u0119ki czemu z \u0142atwo\u015bci\u0105 dopasujesz go do swojego stylu i garderoby. Ka\u017cdy rozmiar zosta\u0142 skonstruowany tak,<\/span><br \/>\n<span style=\"color: #000000;\">aby perfekcyjnie podtrzymywa\u0142 biust, niezale\u017cnie od jego wielko\u015bci. Co wi\u0119cej, ilo\u015b\u0107 haftek w zapi\u0119ciu dostosowano do rozmiaru, zapewniaj\u0105c najwy\u017cszy poziom <\/span><br \/>\n<span style=\"color: #000000;\">komfortu i stabilno\u015bci.<\/span><\/p>\n<p><span style=\"color: #000000;\">Trwa\u0142o\u015b\u0107 i doskona\u0142a forma na d\u0142ugi czas<\/span><br \/>\n<span style=\"color: #000000;\">Materia\u0142, z kt\u00f3rego wykonano ten biustonosz, jest odporny na deformacje, dzi\u0119ki czemu nawet po wielu praniach zachowuje swoj\u0105 pierwotn\u0105 form\u0119. <\/span><br \/>\n<span style=\"color: #000000;\">To inwestycja w bielizn\u0119, kt\u00f3ra pozostanie niezawodna i komfortowa przez d\u0142ugi czas.<\/span><\/p>\n<p><span style=\"color: #000000;\">Postaw na biustonosz Spacer i poczuj lekko\u015b\u0107, komfort oraz perfekcyjne dopasowanie ka\u017cdego dnia!&#8221;&#8221;&#8221;<\/span><\/p>","protected":false},"excerpt":{"rendered":"<p>&#8220;&#8221;&#8221;Biustonosz z tkaniny spacer \u2013 lekko\u015b\u0107, oddychalno\u015b\u0107 i perfekcyjne dopasowanie Poznaj biustonosz typu Spacer \u2013 wyj\u0105tkowy model, kt\u00f3ry \u0142\u0105czy nowoczesne<\/p>","protected":false},"featured_media":12060,"comment_status":"open","ping_status":"closed","template":"","meta":{"_relevanssi_hide_post":"","_relevanssi_hide_content":"","_relevanssi_pin_for_all":"","_relevanssi_pin_keywords":"","_relevanssi_unpin_keywords":"","_relevanssi_related_keywords":"","_relevanssi_related_include_ids":"","_relevanssi_related_exclude_ids":"","_relevanssi_related_no_append":"","_relevanssi_related_not_related":"","_relevanssi_related_posts":"","_relevanssi_noindex_reason":""},"product_brand":[168],"product_cat":[110],"product_tag":[169],"class_list":{"0":"post-13151","1":"product","2":"type-product","3":"status-publish","4":"has-post-thumbnail","6":"product_brand-lilitte","7":"product_cat-bras","8":"product_tag-lilitte","9":"pa_brand-lilitte","11":"first","12":"instock","13":"taxable","14":"shipping-taxable","15":"purchasable","16":"product-type-variable","17":"has-default-attributes","18":"wvs-archive-product-wrapper"},"yoast_head":"<!-- This site is optimized with the Yoast SEO Premium plugin v24.5 (Yoast SEO v24.5) - https:\/\/yoast.com\/wordpress\/plugins\/seo\/ -->\n<title>Maja - 2STRAPS<\/title>\n<meta name=\"robots\" content=\"index, follow, max-snippet:-1, max-image-preview:large, max-video-preview:-1\" \/>\n<link rel=\"canonical\" href=\"https:\/\/2straps.com\/pl\/produkt\/maja\/\" \/>\n<meta property=\"og:locale\" content=\"pl_PL\" \/>\n<meta property=\"og:type\" content=\"article\" \/>\n<meta property=\"og:title\" content=\"Maja\" \/>\n<meta property=\"og:description\" content=\"&#8220;&#8221;&#8221;Biustonosz z tkaniny spacer \u2013 lekko\u015b\u0107, oddychalno\u015b\u0107 i perfekcyjne dopasowanie Poznaj biustonosz typu Spacer \u2013 wyj\u0105tkowy model, kt\u00f3ry \u0142\u0105czy nowoczesne\" \/>\n<meta property=\"og:url\" content=\"https:\/\/2straps.com\/pl\/produkt\/maja\/\" \/>\n<meta property=\"og:site_name\" content=\"2STRAPS\" \/>\n<meta property=\"article:modified_time\" content=\"2025-05-14T10:46:15+00:00\" \/>\n<meta property=\"og:image\" content=\"https:\/\/2straps.com\/wp-content\/uploads\/2025\/02\/L-20120pudrowy-scaled.jpg\" \/>\n\t<meta property=\"og:image:width\" content=\"2093\" \/>\n\t<meta property=\"og:image:height\" content=\"2560\" \/>\n\t<meta property=\"og:image:type\" content=\"image\/jpeg\" \/>\n<meta name=\"twitter:card\" content=\"summary_large_image\" \/>\n<meta name=\"twitter:label1\" content=\"Szacowany czas czytania\" \/>\n\t<meta name=\"twitter:data1\" content=\"2 minuty\" \/>\n<script type=\"application\/ld+json\" class=\"yoast-schema-graph\">{\"@context\":\"https:\/\/schema.org\",\"@graph\":[{\"@type\":\"WebPage\",\"@id\":\"https:\/\/2straps.com\/product\/maja\/\",\"url\":\"https:\/\/2straps.com\/product\/maja\/\",\"name\":\"Maja - 2STRAPS\",\"isPartOf\":{\"@id\":\"https:\/\/2straps.com\/#website\"},\"primaryImageOfPage\":{\"@id\":\"https:\/\/2straps.com\/product\/maja\/#primaryimage\"},\"image\":{\"@id\":\"https:\/\/2straps.com\/product\/maja\/#primaryimage\"},\"thumbnailUrl\":\"https:\/\/2straps.com\/wp-content\/uploads\/2025\/02\/L-20120pudrowy-scaled.jpg\",\"datePublished\":\"2025-02-26T22:01:00+00:00\",\"dateModified\":\"2025-05-14T10:46:15+00:00\",\"breadcrumb\":{\"@id\":\"https:\/\/2straps.com\/product\/maja\/#breadcrumb\"},\"inLanguage\":\"pl-PL\",\"potentialAction\":[{\"@type\":\"ReadAction\",\"target\":[\"https:\/\/2straps.com\/product\/maja\/\"]}]},{\"@type\":\"ImageObject\",\"inLanguage\":\"pl-PL\",\"@id\":\"https:\/\/2straps.com\/product\/maja\/#primaryimage\",\"url\":\"https:\/\/2straps.com\/wp-content\/uploads\/2025\/02\/L-20120pudrowy-scaled.jpg\",\"contentUrl\":\"https:\/\/2straps.com\/wp-content\/uploads\/2025\/02\/L-20120pudrowy-scaled.jpg\",\"width\":2093,\"height\":2560},{\"@type\":\"BreadcrumbList\",\"@id\":\"https:\/\/2straps.com\/product\/maja\/#breadcrumb\",\"itemListElement\":[{\"@type\":\"ListItem\",\"position\":1,\"name\":\"Home\",\"item\":\"https:\/\/2straps.com\/pl\/\"},{\"@type\":\"ListItem\",\"position\":2,\"name\":\"Product catalog\",\"item\":\"https:\/\/2straps.com\/shop\/\"},{\"@type\":\"ListItem\",\"position\":3,\"name\":\"Maja\"}]},{\"@type\":\"WebSite\",\"@id\":\"https:\/\/2straps.com\/#website\",\"url\":\"https:\/\/2straps.com\/\",\"name\":\"2STRAPS\",\"description\":\"Online lingerie store in Europe\",\"potentialAction\":[{\"@type\":\"SearchAction\",\"target\":{\"@type\":\"EntryPoint\",\"urlTemplate\":\"https:\/\/2straps.com\/?s={search_term_string}\"},\"query-input\":{\"@type\":\"PropertyValueSpecification\",\"valueRequired\":true,\"valueName\":\"search_term_string\"}}],\"inLanguage\":\"pl-PL\"}]}<\/script>\n<!-- \/ Yoast SEO Premium plugin. -->","yoast_head_json":{"title":"Maja - 2STRAPS","robots":{"index":"index","follow":"follow","max-snippet":"max-snippet:-1","max-image-preview":"max-image-preview:large","max-video-preview":"max-video-preview:-1"},"canonical":"https:\/\/2straps.com\/pl\/produkt\/maja\/","og_locale":"pl_PL","og_type":"article","og_title":"Maja","og_description":"&#8220;&#8221;&#8221;Biustonosz z tkaniny spacer \u2013 lekko\u015b\u0107, oddychalno\u015b\u0107 i perfekcyjne dopasowanie Poznaj biustonosz typu Spacer \u2013 wyj\u0105tkowy model, kt\u00f3ry \u0142\u0105czy nowoczesne","og_url":"https:\/\/2straps.com\/pl\/produkt\/maja\/","og_site_name":"2STRAPS","article_modified_time":"2025-05-14T10:46:15+00:00","og_image":[{"width":2093,"height":2560,"url":"https:\/\/2straps.com\/wp-content\/uploads\/2025\/02\/L-20120pudrowy-scaled.jpg","type":"image\/jpeg"}],"twitter_card":"summary_large_image","twitter_misc":{"Szacowany czas czytania":"2 minuty"},"schema":{"@context":"https:\/\/schema.org","@graph":[{"@type":"WebPage","@id":"https:\/\/2straps.com\/product\/maja\/","url":"https:\/\/2straps.com\/product\/maja\/","name":"Maja - 2STRAPS","isPartOf":{"@id":"https:\/\/2straps.com\/#website"},"primaryImageOfPage":{"@id":"https:\/\/2straps.com\/product\/maja\/#primaryimage"},"image":{"@id":"https:\/\/2straps.com\/product\/maja\/#primaryimage"},"thumbnailUrl":"https:\/\/2straps.com\/wp-content\/uploads\/2025\/02\/L-20120pudrowy-scaled.jpg","datePublished":"2025-02-26T22:01:00+00:00","dateModified":"2025-05-14T10:46:15+00:00","breadcrumb":{"@id":"https:\/\/2straps.com\/product\/maja\/#breadcrumb"},"inLanguage":"pl-PL","potentialAction":[{"@type":"ReadAction","target":["https:\/\/2straps.com\/product\/maja\/"]}]},{"@type":"ImageObject","inLanguage":"pl-PL","@id":"https:\/\/2straps.com\/product\/maja\/#primaryimage","url":"https:\/\/2straps.com\/wp-content\/uploads\/2025\/02\/L-20120pudrowy-scaled.jpg","contentUrl":"https:\/\/2straps.com\/wp-content\/uploads\/2025\/02\/L-20120pudrowy-scaled.jpg","width":2093,"height":2560},{"@type":"BreadcrumbList","@id":"https:\/\/2straps.com\/product\/maja\/#breadcrumb","itemListElement":[{"@type":"ListItem","position":1,"name":"Home","item":"https:\/\/2straps.com\/pl\/"},{"@type":"ListItem","position":2,"name":"Product catalog","item":"https:\/\/2straps.com\/shop\/"},{"@type":"ListItem","position":3,"name":"Maja"}]},{"@type":"WebSite","@id":"https:\/\/2straps.com\/#website","url":"https:\/\/2straps.com\/","name":"2STRAPS","description":"Online lingerie store in Europe","potentialAction":[{"@type":"SearchAction","target":{"@type":"EntryPoint","urlTemplate":"https:\/\/2straps.com\/?s={search_term_string}"},"query-input":{"@type":"PropertyValueSpecification","valueRequired":true,"valueName":"search_term_string"}}],"inLanguage":"pl-PL"}]}},"_links":{"self":[{"href":"https:\/\/2straps.com\/pl\/wp-json\/wp\/v2\/product\/13151","targetHints":{"allow":["GET"]}}],"collection":[{"href":"https:\/\/2straps.com\/pl\/wp-json\/wp\/v2\/product"}],"about":[{"href":"https:\/\/2straps.com\/pl\/wp-json\/wp\/v2\/types\/product"}],"replies":[{"embeddable":true,"href":"https:\/\/2straps.com\/pl\/wp-json\/wp\/v2\/comments?post=13151"}],"version-history":[{"count":3,"href":"https:\/\/2straps.com\/pl\/wp-json\/wp\/v2\/product\/13151\/revisions"}],"predecessor-version":[{"id":16717,"href":"https:\/\/2straps.com\/pl\/wp-json\/wp\/v2\/product\/13151\/revisions\/16717"}],"wp:featuredmedia":[{"embeddable":true,"href":"https:\/\/2straps.com\/pl\/wp-json\/wp\/v2\/media\/12060"}],"wp:attachment":[{"href":"https:\/\/2straps.com\/pl\/wp-json\/wp\/v2\/media?parent=13151"}],"wp:term":[{"taxonomy":"product_brand","embeddable":true,"href":"https:\/\/2straps.com\/pl\/wp-json\/wp\/v2\/product_brand?post=13151"},{"taxonomy":"product_cat","embeddable":true,"href":"https:\/\/2straps.com\/pl\/wp-json\/wp\/v2\/product_cat?post=13151"},{"taxonomy":"product_tag","embeddable":true,"href":"https:\/\/2straps.com\/pl\/wp-json\/wp\/v2\/product_tag?post=13151"}],"curies":[{"name":"wp","href":"https:\/\/api.w.org\/{rel}","templated":true}]}}